{"id":403,"date":"2020-07-13T10:08:41","date_gmt":"2020-07-13T07:08:41","guid":{"rendered":"http:\/\/tuulmet.ee\/?page_id=403"},"modified":"2026-04-02T16:09:09","modified_gmt":"2026-04-02T13:09:09","slug":"etusivu","status":"publish","type":"page","link":"https:\/\/tuulmet.ee\/index.php\/fi\/","title":{"rendered":"Etusivu"},"content":{"rendered":"<div  id=\"cta-1\" class=\"cta-centered-bg-section white-text dark-text-section\" style=\"background-color: #ffffff; background-image: none;\" data-label=\"Cta\" data-id=\"cta-centered-bg-section\" data-category=\"cta\" data-parallax-depth=\"20\" data-ovid=\"ovid-cta-1-120\">\n<div  class=\"gridContainer\">\n<div  class=\"cta-centered-bg-section-row\">\n<div  class=\"cta-centered-bg-section-row-2\">\n<div  class=\"cta-centered-bg-section-col dynamic-color\" data-type=\"column\">\n<h1  class=\"\">Erikoistilaus metallity\u00f6t<\/h1>\n<a  class=\"button no-shadow color5 white-text\" href=\"#ottaa-yhteyttae\" target=\"_self\" data-icon=\"\">Ottaa yhteytt\u00e4 <\/a>\n\n<\/div>\n<\/div>\n<\/div>\n<\/div>\n<\/div><div  id=\"pavelut\" class=\"features-coloured-icon-boxes-section\" style=\"background-color: #ffffff; background-image: none;\" data-label=\"Pavelut\" data-id=\"features-coloured-icon-boxes-section\" data-category=\"features\" data-ovid=\"ovid-pavelut-130\">\n<div  class=\"\">\n<div  class=\"features-coloured-icon-boxes-innerrow flexbox-list dark-text\" data-type=\"row\">\n<div  class=\"features-coloured-icon-boxes-featurecol cp3cols cp6cols-tablet\"><img  decoding=\"async\" class=\"custom-image\" src=\"https:\/\/tuulmet.ee\/wp-content\/uploads\/2025\/09\/moobel_ikoon-e1710332103403.png\" alt=\"\">\n<img  decoding=\"async\" class=\"custom-image\" src=\"https:\/\/tuulmet.ee\/wp-content\/uploads\/2026\/02\/4-1.png\" alt=\"\">\n<h4  class=\"\"><span  style=\"font-family: 'Riga light', arial, helvetica, sans-serif;\">Erikoistilaus metallity\u00f6t<\/span><\/h4>\n<\/div>\n<div  class=\"features-coloured-icon-boxes-featurecol cp3cols cp6cols-tablet\"><img  decoding=\"async\" class=\"custom-image\" src=\"https:\/\/tuulmet.ee\/wp-content\/uploads\/2025\/09\/materjalid_ikoon-e1710332124403.png\" alt=\"\">\n<img  decoding=\"async\" class=\"custom-image\" src=\"https:\/\/tuulmet.ee\/wp-content\/uploads\/2026\/02\/5.png\" alt=\"\">\n<h4  class=\"\"><span  style=\"font-family: 'Riga light', arial, helvetica, sans-serif;\">Materiaaleja<\/span><\/h4>\n<p  class=\"\"><span  style=\"font-family: 'Riga light', arial, helvetica, sans-serif;\">ter\u00e4s, ruostumation ter\u00e4s, messinki,<\/span><\/p>\nkupari, alumiini\n\n<\/div>\n<div  class=\"features-coloured-icon-boxes-featurecol cp3cols cp6cols-tablet\"><img  decoding=\"async\" class=\"custom-image\" src=\"https:\/\/tuulmet.ee\/wp-content\/uploads\/2025\/09\/pinnaviimistlus-e1710332040583.png\" alt=\"\">\n<img  decoding=\"async\" class=\"custom-image\" src=\"https:\/\/tuulmet.ee\/wp-content\/uploads\/2026\/02\/6.png\" alt=\"\">\n<h4  class=\"\"><span  style=\"font-family: 'Riga light', arial, helvetica, sans-serif;\">Pinnan viimeistely<\/span><\/h4>\n<p  class=\"\"><span  style=\"font-family: 'Riga light', arial, helvetica, sans-serif;\">jauhen maalattu, harjattu, kiilt\u00e4v\u00e4,<\/span><\/p>\nlakattu, patinoitu\n\n<\/div>\n<div  class=\"features-coloured-icon-boxes-featurecol cp3cols cp6cols-tablet\"><img  decoding=\"async\" class=\"custom-image\" src=\"https:\/\/tuulmet.ee\/wp-content\/uploads\/2025\/09\/keevitusmask-e1710332141235.png\" alt=\"\">\n<img  decoding=\"async\" class=\"custom-image\" src=\"https:\/\/tuulmet.ee\/wp-content\/uploads\/2026\/04\/keevitusmask_150x150.png\" alt=\"\">\n<h4  class=\"\"><span  style=\"font-family: 'Riga light', arial, helvetica, sans-serif;\">Hitsaus<\/span><\/h4>\n<p  class=\"\"><span  style=\"font-family: 'Riga light', arial, helvetica, sans-serif;\">TIG, MIG,Laser<\/span><\/p>\n\n<\/div>\n<div  class=\"features-coloured-icon-boxes-featurecol cp3cols cp6cols-tablet\"><img  decoding=\"async\" class=\"custom-image\" src=\"https:\/\/tuulmet.ee\/wp-content\/uploads\/2025\/09\/valgusti_ikoon-e1710331900620.png\" alt=\"\">\n<img  decoding=\"async\" class=\"custom-image\" src=\"https:\/\/tuulmet.ee\/wp-content\/uploads\/2026\/02\/9.png\" alt=\"\">\n<h4  class=\"\"><span  style=\"font-family: 'Riga light', arial, helvetica, sans-serif;\">Erikoistilaus valaisimet<\/span><\/h4>\n<a  class=\"button small no-shadow color5\" href=\"https:\/\/tuulmetlighting.com\/index.php\/fi\/etusivu\" target=\"_self\" rel=\"noopener\" data-icon=\"\">TUULMETLIGHTING<\/a>\n\n<\/div>\n<div  class=\"features-coloured-icon-boxes-featurecol cp3cols cp6cols-tablet\"><img  decoding=\"async\" class=\"custom-image\" src=\"https:\/\/tuulmet.ee\/wp-content\/uploads\/2025\/09\/pulbervarvimine-e1710332019231.png\" alt=\"\">\n<img  decoding=\"async\" class=\"custom-image\" src=\"https:\/\/tuulmet.ee\/wp-content\/uploads\/2026\/02\/7.png\" alt=\"\">\n<h4  class=\"\"><span  style=\"font-family: 'Riga light', arial, helvetica, sans-serif;\">Jauhemaalaus<\/span><\/h4>\n<a  class=\"button small no-shadow color5\" href=\"https:\/\/ralkate.ee\" target=\"_self\" rel=\"noopener\" data-icon=\"\">\u200e\u200e\u200e \u200e \u200e \u200e \u200e \u200e \u200e \u200e RALKATE\u200e\u200e \u200e \u200e \u200e \u200e \u200e \u200e \u200e <\/a>\n\n<\/div>\n<div  class=\"features-coloured-icon-boxes-featurecol cp3cols cp6cols-tablet\"><img  decoding=\"async\" class=\"custom-image\" src=\"https:\/\/tuulmet.ee\/wp-content\/uploads\/2025\/09\/trugimine_ikoon-e1710331955714.png\" alt=\"\">\n<img  decoding=\"async\" class=\"custom-image\" src=\"https:\/\/tuulmet.ee\/wp-content\/uploads\/2026\/02\/8.png\" alt=\"\">\n<h4  class=\"\"><span  style=\"font-family: 'Riga light', arial, helvetica, sans-serif;\">Painosorvaus<\/span><\/h4>\n<p  class=\"\"><span  style=\"font-family: 'Riga light', arial, helvetica, sans-serif;\">0.8mm \u2013 1.5mm<\/span><\/p>\n\n<\/div>\n<div  class=\"features-coloured-icon-boxes-featurecol cp3cols cp6cols-tablet\"><img  decoding=\"async\" class=\"custom-image\" src=\"https:\/\/tuulmet.ee\/wp-content\/uploads\/2025\/09\/painutamise_ikoon-e1710332062506.png\" alt=\"\">\n<img  decoding=\"async\" class=\"custom-image\" src=\"https:\/\/tuulmet.ee\/wp-content\/uploads\/2026\/04\/painutamine.png\" alt=\"\">\n<h4  class=\"\"><span  style=\"font-family: 'Riga light', arial, helvetica, sans-serif;\">Ohutlevyn Taivutus<\/span><\/h4>\n<p  class=\"\"><span  style=\"font-family: 'Riga light', arial, helvetica, sans-serif;\">CNC L = 3000mm<\/span><\/p>\n\n<\/div>\n<div  class=\"features-coloured-icon-boxes-featurecol cp3cols cp6cols-tablet\"><img  decoding=\"async\" class=\"custom-image\" src=\"https:\/\/tuulmet.ee\/wp-content\/uploads\/2025\/09\/treimine_ikoon-e1710331974720.png\" alt=\"\">\n<img  decoding=\"async\" class=\"custom-image\" src=\"https:\/\/tuulmet.ee\/wp-content\/uploads\/2026\/04\/turning_machine_uus_ikoon.png\" alt=\"\">\n<h4  class=\"\"><span  style=\"font-family: 'Riga light', arial, helvetica, sans-serif;\">Sorvaus<\/span><\/h4>\n<p  class=\"\"><span  style=\"font-family: 'Riga light', arial, helvetica, sans-serif;\">D 500 mm \u2013 1800 mm<\/span><\/p>\n\n<\/div>\n<\/div>\n<\/div>\n<\/div><div  id=\"viittauksia\" class=\"features-square-image-section\" style=\"background-color: #ffffff; background-image: none;\" data-label=\"viittauksia\" data-id=\"features-square-image-section\" data-category=\"features\" data-ovid=\"ovid-viittauksia-117\">\n<div  class=\"dynamic-color\">\n<div  class=\"features-square-image-textrow\">\n<div  class=\"features-square-image-textcol\" data-type=\"column\">\n<p  class=\"\"><\/p>\n\n<\/div>\n<\/div>\n<div  class=\"features-square-image-innerrow\" data-type=\"row\">\n<div  class=\"features-square-image-featcol cp6cols-tablet cp3cols\">\n<a  class=\"\" href=\"https:\/\/tuulmet.ee\/index.php\/viittauksia\/#bwg33\/123\">\n<img  decoding=\"async\" class=\"custom-image\" src=\"https:\/\/tuulmet.ee\/wp-content\/uploads\/2026\/02\/Radisson-Strand-bar-facade.jpg\" alt=\"\"><\/a>\n<h4  class=\"\"><span  style=\"font-family: 'Riga light', arial, helvetica, sans-serif;\">Radisson Strand Hotel \u2013 Ruotsi<\/span><\/h4>\n<\/div>\n<div  class=\"features-square-image-featcol cp6cols-tablet cp3cols\">\n<a  class=\"\" href=\"https:\/\/tuulmet.ee\/index.php\/viittauksia\/#bwg7\/50\" target=\"_self\">\n<img  decoding=\"async\" class=\"custom-image\" src=\"https:\/\/tuulmet.ee\/wp-content\/uploads\/2026\/02\/brass_egg_shaped_dividers.png\" alt=\"\"><\/a>\n<h4  class=\"\"><span  style=\"font-family: 'Riga light', arial, helvetica, sans-serif;\">Crystal Endeavor \u2013 Saksa<\/span><\/h4>\n<\/div>\n<div  class=\"features-square-image-featcol cp6cols-tablet cp3cols\">\n<a  class=\"\" href=\"https:\/\/tuulmet.ee\/index.php\/viittauksia\/#bwg37\/127\">\n<img  decoding=\"async\" class=\"custom-image\" src=\"https:\/\/tuulmet.ee\/wp-content\/uploads\/2026\/02\/Hilton-Talllinn-shelving-and-bar-decorations.jpg\" alt=\"\"><\/a>\n<h4  class=\"\"><span  style=\"font-family: 'Riga light', arial, helvetica, sans-serif;\">Hilton Tallinn Park \u2013 Viro<\/span><\/h4>\n<\/div>\n<div  class=\"features-square-image-featcol cp6cols-tablet cp3cols\">\n<a  class=\"\" href=\"https:\/\/tuulmet.ee\/index.php\/viittauksia\/#bwg39\/129\">\n<img  decoding=\"async\" class=\"custom-image\" src=\"https:\/\/tuulmet.ee\/wp-content\/uploads\/2026\/02\/Best-Western-Gustaf-Wasa-reception-fassade-scaled.jpg\" alt=\"\"><\/a>\n<h4  class=\"\"><span  style=\"font-family: 'Riga light', arial, helvetica, sans-serif;\">Best Western Gustav Wasa \u2013 Ruotsi<\/span><\/h4>\n<\/div>\n<\/div>\n<p  class=\"\" style=\"text-align: center;\"><a  class=\"button no-shadow color5 white-text\" href=\"https:\/\/tuulmet.ee\/index.php\/fi\/viittauksia\" target=\"_self\" rel=\"noopener\" data-icon=\"\">Katso lis\u00e4\u00e4<\/a><\/p>\n\n<\/div>\n<\/div><div  id=\"ottaa-yhteyttae\" class=\"contact-3-section\" style=\"background-color: #f6f6f6;\" data-label=\"Kontakt\" data-id=\"contact-3-section\" data-category=\"contact\">\n<div  class=\"gridContainer dynamic-color\">\n<div  class=\"contact-3-section-textrow\">\n<div  class=\"contact-3-section-textcol\" data-type=\"column\">\n<h2  class=\"\">Ottaa yhteytt\u00e4!<\/h2>\n<div  class=\"contact-flex\">\n<div >\n<p  class=\"\" style=\"text-align: left;\"><i  class=\"fa fa-male custom-icon\" style=\"margin-right: 6px;\"><\/i><span  style=\"font-family: arial, helvetica, sans-serif;\">Andrus Tuuletare \ud83c\uddea\ud83c\uddea\ud83c\uddeb\ud83c\uddee\ud83c\uddf7\ud83c\uddfa<\/span><\/p>\n<p  class=\"\" style=\"text-align: left;\"><i  class=\"fa fa-phone custom-icon\" style=\"margin-right: 6px;\"><\/i><span  style=\"font-family: arial, helvetica, sans-serif;\">+372 506 9088<\/span><\/p>\n<p  class=\"\" style=\"text-align: left;\"><i  class=\"fa fa-envelope-o custom-icon\" style=\"margin-right: 6px;\"><\/i><span  style=\"font-family: arial, helvetica, sans-serif;\">Andrus@tuulmet.ee<\/span><\/p>\n<\/div>\n<div ><p  class=\"\" style=\"text-align: left;\"><i  class=\"fa fa-male custom-icon\" style=\"margin-right: 6px;\"><\/i><span  style=\"font-family: arial, helvetica, sans-serif;\">T\u00f5nis Andre \ud83c\uddea\ud83c\uddea\ud83c\uddfa\ud83c\uddf8<\/span><\/p>\n<p  class=\"\" style=\"text-align: left;\"><i  class=\"fa fa-phone custom-icon\" style=\"margin-right: 6px;\"><\/i><span  style=\"font-family: arial, helvetica, sans-serif;\">+372 503 1712<\/span><\/p>\n<p  class=\"\" style=\"text-align: left;\"><i  class=\"fa fa-envelope-o custom-icon\" style=\"margin-right: 6px;\"><\/i><span  style=\"font-family: arial, helvetica, sans-serif;\">Tonis@tuulmet.ee<\/span><\/p>\n\n<\/div>\n<\/div>\n<\/div>\n<\/div>\n<div  class=\"contact-2columns-contentrow\">\n<div  class=\"contact-3-section-formrow\">\n<div  class=\"contact-3-section-formcol\" data-content-shortcode=\"one_page_express_contact_form shortcode=&quot;contact-form-7 id=&amp;amp;quot;7bad03e&amp;amp;quot; title=&amp;amp;quot;Kontaktivorm 1_fi&amp;amp;quot;&quot;\" data-editable=\"true\">\n<div class=\"wpcf7 no-js\" id=\"wpcf7-f3129-o1\" lang=\"et\" dir=\"ltr\" data-wpcf7-id=\"3129\">\n<div class=\"screen-reader-response\"><p role=\"status\" aria-live=\"polite\" aria-atomic=\"true\"><\/p> <ul><\/ul><\/div>\n<form action=\"\/index.php\/wp-json\/wp\/v2\/pages\/403#wpcf7-f3129-o1\" method=\"post\" class=\"wpcf7-form init\" aria-label=\"Contact form\" novalidate=\"novalidate\" data-status=\"init\">\n<fieldset class=\"hidden-fields-container\"><input type=\"hidden\" name=\"_wpcf7\" value=\"3129\" \/><input type=\"hidden\" name=\"_wpcf7_version\" value=\"6.1.5\" \/><input type=\"hidden\" name=\"_wpcf7_locale\" value=\"et\" \/><input type=\"hidden\" name=\"_wpcf7_unit_tag\" value=\"wpcf7-f3129-o1\" \/><input type=\"hidden\" name=\"_wpcf7_container_post\" value=\"0\" \/><input type=\"hidden\" name=\"_wpcf7_posted_data_hash\" value=\"\" \/><input type=\"hidden\" name=\"_wpcf7_recaptcha_response\" value=\"\" \/>\n<\/fieldset>\n<p><label> S\u00e4hk\u00f6postisi<br \/>\n<span class=\"wpcf7-form-control-wrap\" data-name=\"your-email\"><input size=\"40\" maxlength=\"400\" class=\"wpcf7-form-control wpcf7-email wpcf7-validates-as-required wpcf7-text wpcf7-validates-as-email\" autocomplete=\"email\" aria-required=\"true\" aria-invalid=\"false\" value=\"\" type=\"email\" name=\"your-email\" \/><\/span> <\/label>\n<\/p>\n<p><label> Aihe<br \/>\n<span class=\"wpcf7-form-control-wrap\" data-name=\"your-subject\"><input size=\"40\" maxlength=\"400\" class=\"wpcf7-form-control wpcf7-text wpcf7-validates-as-required\" aria-required=\"true\" aria-invalid=\"false\" value=\"\" type=\"text\" name=\"your-subject\" \/><\/span> <\/label>\n<\/p>\n<p><label> Viesti<br \/>\n<span class=\"wpcf7-form-control-wrap\" data-name=\"your-message\"><textarea cols=\"40\" rows=\"10\" maxlength=\"2000\" class=\"wpcf7-form-control wpcf7-textarea\" aria-invalid=\"false\" name=\"your-message\"><\/textarea><\/span> <\/label>\n<\/p>\n<p><input class=\"wpcf7-form-control wpcf7-submit has-spinner\" type=\"submit\" value=\"L\u00e4het\u00e4\" \/>\n<\/p><div class=\"wpcf7-response-output\" aria-hidden=\"true\"><\/div>\n<\/form>\n<\/div>\n<\/div>\n<\/div>\n<div  class=\"contact-3-section-contactcol\" data-type=\"column\">\n<div  class=\"contact-map-contactcol\">\n<div  class=\"contact-3-section-itemrow\">\n<div  class=\"contact-3-section-iconcol\">\n<p  class=\"\"><i  class=\"fa fa-map-marker custom-icon\" style=\"margin-right: 6px;\"><\/i><span  style=\"font-family: arial, helvetica, sans-serif;\">Tehdas 1: Kuusalu vald, Kolgak\u00fcla k\u00fcla, Toomanni talu\n<\/span><\/p>\n        <div class=\"ope-google-maps\" style=\"width:100%\">\n            <iframe style=\"width:100%; height:100%;min-height:inherit;display:block;\" src=\"https:\/\/maps.google.com\/maps?q=Tuulmet%20Holding%20O\u00dc&#038;z=14&#038;output=embed&#038;iwloc=near\"><\/iframe>\n        <\/div>\n    \n<p  class=\"\"><i  class=\"fa fa-map-marker custom-icon\" style=\"margin-right: 6px; margin-top: 25px;\"><\/i><span  style=\"font-family: arial, helvetica, sans-serif;\">Tehdas 2: Koplipere tee 17-6, Rae\n<\/span><\/p>\n        <div class=\"ope-google-maps\" style=\"width:100%\">\n            <iframe style=\"width:100%; height:100%;min-height:inherit;display:block;\" src=\"https:\/\/maps.google.com\/maps?q=Koplipere%20tee%2017-6,%20Rae&#038;z=14&#038;output=embed&#038;iwloc=near\"><\/iframe>\n        <\/div>\n    \n<\/div>\n<\/div>\n<\/div>\n<\/div>\n<\/div>\n<\/div>\n<\/div>","protected":false},"excerpt":{"rendered":"<p>Erikoistilaus metallity\u00f6t Ottaa yhteytt\u00e4 Erikoistilaus metallity\u00f6t Materiaaleja ter\u00e4s, ruostumation ter\u00e4s, messinki, kupari, alumiini Pinnan viimeistely jauhen maalattu, harjattu, kiilt\u00e4v\u00e4, lakattu, patinoitu Hitsaus TIG, MIG,Laser Erikoistilaus valaisimet TUULMETLIGHTING Jauhemaalaus \u200e\u200e\u200e \u200e \u200e \u200e \u200e \u200e \u200e \u200e RALKATE\u200e\u200e \u200e \u200e \u200e \u200e \u200e \u200e \u200e Painosorvaus 0.8mm \u2013 1.5mm Ohutlevyn Taivutus CNC L = 3000mm Sorvaus&hellip; <br \/> <a class=\"button small blue\" href=\"https:\/\/tuulmet.ee\/index.php\/fi\/\">Read more<\/a><\/p>\n","protected":false},"author":1,"featured_media":0,"parent":0,"menu_order":0,"comment_status":"closed","ping_status":"closed","template":"","meta":{"footnotes":""},"class_list":["post-403","page","type-page","status-publish","hentry"],"aioseo_notices":[],"_links":{"self":[{"href":"https:\/\/tuulmet.ee\/index.php\/wp-json\/wp\/v2\/pages\/403","targetHints":{"allow":["GET"]}}],"collection":[{"href":"https:\/\/tuulmet.ee\/index.php\/wp-json\/wp\/v2\/pages"}],"about":[{"href":"https:\/\/tuulmet.ee\/index.php\/wp-json\/wp\/v2\/types\/page"}],"author":[{"embeddable":true,"href":"https:\/\/tuulmet.ee\/index.php\/wp-json\/wp\/v2\/users\/1"}],"replies":[{"embeddable":true,"href":"https:\/\/tuulmet.ee\/index.php\/wp-json\/wp\/v2\/comments?post=403"}],"version-history":[{"count":5,"href":"https:\/\/tuulmet.ee\/index.php\/wp-json\/wp\/v2\/pages\/403\/revisions"}],"predecessor-version":[{"id":3225,"href":"https:\/\/tuulmet.ee\/index.php\/wp-json\/wp\/v2\/pages\/403\/revisions\/3225"}],"wp:attachment":[{"href":"https:\/\/tuulmet.ee\/index.php\/wp-json\/wp\/v2\/media?parent=403"}],"curies":[{"name":"wp","href":"https:\/\/api.w.org\/{rel}","templated":true}]}}